{"id":1422,"date":"2023-11-17T16:42:57","date_gmt":"2023-11-17T15:42:57","guid":{"rendered":"https:\/\/coordimed.hu\/index.php\/gallery\/"},"modified":"2023-11-17T16:42:57","modified_gmt":"2023-11-17T15:42:57","slug":"gallery","status":"publish","type":"page","link":"https:\/\/coordimed.hu\/index.php\/gallery\/","title":{"rendered":"Gallery"},"content":{"rendered":"","protected":false},"excerpt":{"rendered":"","protected":false},"author":1,"featured_media":0,"parent":0,"menu_order":0,"comment_status":"closed","ping_status":"closed","template":"templates\/gallery.php","meta":{"footnotes":""},"class_list":["post-1422","page","type-page","status-publish","hentry","latest_post"],"yoast_head":"<!-- This site is optimized with the Yoast SEO Premium plugin v26.4 (Yoast SEO v27.5) - https:\/\/yoast.com\/product\/yoast-seo-premium-wordpress\/ -->\n<title>Gallery -<\/title>\n<meta name=\"robots\" content=\"index, follow, max-snippet:-1, max-image-preview:large, max-video-preview:-1\" \/>\n<link rel=\"canonical\" href=\"https:\/\/coordimed.hu\/index.php\/gallery\/\" \/>\n<meta property=\"og:locale\" content=\"hu_HU\" \/>\n<meta property=\"og:type\" content=\"article\" \/>\n<meta property=\"og:title\" content=\"Gallery\" \/>\n<meta property=\"og:description\" content=\"Coordimed Mag\u00e1n Rendel\u0151 Bud\u00e1n! Proffeszion\u00e1lis egy\u00e9nre szabott ell\u00e1t\u00e1sok!\" \/>\n<meta property=\"og:url\" content=\"https:\/\/coordimed.hu\/index.php\/gallery\/\" \/>\n<meta property=\"article:publisher\" content=\"https:\/\/www.facebook.com\/coordimed\" \/>\n<meta property=\"og:image\" content=\"https:\/\/i0.wp.com\/coordimed.hu\/wp-content\/uploads\/2023\/09\/banner_image.webp?fit=1600%2C900&ssl=1\" \/>\n\t<meta property=\"og:image:width\" content=\"1600\" \/>\n\t<meta property=\"og:image:height\" content=\"900\" \/>\n\t<meta property=\"og:image:type\" content=\"image\/webp\" \/>\n<meta name=\"twitter:card\" content=\"summary_large_image\" \/>\n<script type=\"application\/ld+json\" class=\"yoast-schema-graph\">{\"@context\":\"https:\\\/\\\/schema.org\",\"@graph\":[{\"@type\":\"WebPage\",\"@id\":\"https:\\\/\\\/coordimed.hu\\\/index.php\\\/gallery\\\/\",\"url\":\"https:\\\/\\\/coordimed.hu\\\/index.php\\\/gallery\\\/\",\"name\":\"Gallery -\",\"isPartOf\":{\"@id\":\"https:\\\/\\\/coordimed.hu\\\/#website\"},\"datePublished\":\"2023-11-17T15:42:57+00:00\",\"breadcrumb\":{\"@id\":\"https:\\\/\\\/coordimed.hu\\\/index.php\\\/gallery\\\/#breadcrumb\"},\"inLanguage\":\"hu\",\"potentialAction\":[{\"@type\":\"ReadAction\",\"target\":[\"https:\\\/\\\/coordimed.hu\\\/index.php\\\/gallery\\\/\"]}]},{\"@type\":\"BreadcrumbList\",\"@id\":\"https:\\\/\\\/coordimed.hu\\\/index.php\\\/gallery\\\/#breadcrumb\",\"itemListElement\":[{\"@type\":\"ListItem\",\"position\":1,\"name\":\"Kezd\u0151lap\",\"item\":\"https:\\\/\\\/coordimed.hu\\\/\"},{\"@type\":\"ListItem\",\"position\":2,\"name\":\"Gallery\"}]},{\"@type\":\"WebSite\",\"@id\":\"https:\\\/\\\/coordimed.hu\\\/#website\",\"url\":\"https:\\\/\\\/coordimed.hu\\\/\",\"name\":\"Coordimed\",\"description\":\"-  Sz\u00edvb\u0151l gy\u00f3gy\u00edtunk\",\"publisher\":{\"@id\":\"https:\\\/\\\/coordimed.hu\\\/#organization\"},\"potentialAction\":[{\"@type\":\"SearchAction\",\"target\":{\"@type\":\"EntryPoint\",\"urlTemplate\":\"https:\\\/\\\/coordimed.hu\\\/?s={search_term_string}\"},\"query-input\":{\"@type\":\"PropertyValueSpecification\",\"valueRequired\":true,\"valueName\":\"search_term_string\"}}],\"inLanguage\":\"hu\"},{\"@type\":\"Organization\",\"@id\":\"https:\\\/\\\/coordimed.hu\\\/#organization\",\"name\":\"Coordimed Rendel\u0151 Kft.\",\"url\":\"https:\\\/\\\/coordimed.hu\\\/\",\"logo\":{\"@type\":\"ImageObject\",\"inLanguage\":\"hu\",\"@id\":\"https:\\\/\\\/coordimed.hu\\\/#\\\/schema\\\/logo\\\/image\\\/\",\"url\":\"https:\\\/\\\/i0.wp.com\\\/coordimed.hu\\\/wp-content\\\/uploads\\\/2023\\\/09\\\/cropped-Coordimed_logo_150px.webp?fit=150%2C39&ssl=1\",\"contentUrl\":\"https:\\\/\\\/i0.wp.com\\\/coordimed.hu\\\/wp-content\\\/uploads\\\/2023\\\/09\\\/cropped-Coordimed_logo_150px.webp?fit=150%2C39&ssl=1\",\"width\":150,\"height\":39,\"caption\":\"Coordimed Rendel\u0151 Kft.\"},\"image\":{\"@id\":\"https:\\\/\\\/coordimed.hu\\\/#\\\/schema\\\/logo\\\/image\\\/\"},\"sameAs\":[\"https:\\\/\\\/www.facebook.com\\\/coordimed\"],\"ownershipFundingInfo\":\"https:\\\/\\\/coordimed.hu\\\/index.php\\\/rolunk\\\/\",\"actionableFeedbackPolicy\":\"https:\\\/\\\/coordimed.hu\\\/index.php\\\/kapcsolat\\\/\",\"correctionsPolicy\":\"https:\\\/\\\/coordimed.hu\\\/index.php\\\/kapcsolat\\\/\"}]}<\/script>\n<!-- \/ Yoast SEO Premium plugin. -->","yoast_head_json":{"title":"Gallery -","robots":{"index":"index","follow":"follow","max-snippet":"max-snippet:-1","max-image-preview":"max-image-preview:large","max-video-preview":"max-video-preview:-1"},"canonical":"https:\/\/coordimed.hu\/index.php\/gallery\/","og_locale":"hu_HU","og_type":"article","og_title":"Gallery","og_description":"Coordimed Mag\u00e1n Rendel\u0151 Bud\u00e1n! Proffeszion\u00e1lis egy\u00e9nre szabott ell\u00e1t\u00e1sok!","og_url":"https:\/\/coordimed.hu\/index.php\/gallery\/","article_publisher":"https:\/\/www.facebook.com\/coordimed","og_image":[{"width":1600,"height":900,"url":"https:\/\/i0.wp.com\/coordimed.hu\/wp-content\/uploads\/2023\/09\/banner_image.webp?fit=1600%2C900&ssl=1","type":"image\/webp"}],"twitter_card":"summary_large_image","schema":{"@context":"https:\/\/schema.org","@graph":[{"@type":"WebPage","@id":"https:\/\/coordimed.hu\/index.php\/gallery\/","url":"https:\/\/coordimed.hu\/index.php\/gallery\/","name":"Gallery -","isPartOf":{"@id":"https:\/\/coordimed.hu\/#website"},"datePublished":"2023-11-17T15:42:57+00:00","breadcrumb":{"@id":"https:\/\/coordimed.hu\/index.php\/gallery\/#breadcrumb"},"inLanguage":"hu","potentialAction":[{"@type":"ReadAction","target":["https:\/\/coordimed.hu\/index.php\/gallery\/"]}]},{"@type":"BreadcrumbList","@id":"https:\/\/coordimed.hu\/index.php\/gallery\/#breadcrumb","itemListElement":[{"@type":"ListItem","position":1,"name":"Kezd\u0151lap","item":"https:\/\/coordimed.hu\/"},{"@type":"ListItem","position":2,"name":"Gallery"}]},{"@type":"WebSite","@id":"https:\/\/coordimed.hu\/#website","url":"https:\/\/coordimed.hu\/","name":"Coordimed","description":"-  Sz\u00edvb\u0151l gy\u00f3gy\u00edtunk","publisher":{"@id":"https:\/\/coordimed.hu\/#organization"},"potentialAction":[{"@type":"SearchAction","target":{"@type":"EntryPoint","urlTemplate":"https:\/\/coordimed.hu\/?s={search_term_string}"},"query-input":{"@type":"PropertyValueSpecification","valueRequired":true,"valueName":"search_term_string"}}],"inLanguage":"hu"},{"@type":"Organization","@id":"https:\/\/coordimed.hu\/#organization","name":"Coordimed Rendel\u0151 Kft.","url":"https:\/\/coordimed.hu\/","logo":{"@type":"ImageObject","inLanguage":"hu","@id":"https:\/\/coordimed.hu\/#\/schema\/logo\/image\/","url":"https:\/\/i0.wp.com\/coordimed.hu\/wp-content\/uploads\/2023\/09\/cropped-Coordimed_logo_150px.webp?fit=150%2C39&ssl=1","contentUrl":"https:\/\/i0.wp.com\/coordimed.hu\/wp-content\/uploads\/2023\/09\/cropped-Coordimed_logo_150px.webp?fit=150%2C39&ssl=1","width":150,"height":39,"caption":"Coordimed Rendel\u0151 Kft."},"image":{"@id":"https:\/\/coordimed.hu\/#\/schema\/logo\/image\/"},"sameAs":["https:\/\/www.facebook.com\/coordimed"],"ownershipFundingInfo":"https:\/\/coordimed.hu\/index.php\/rolunk\/","actionableFeedbackPolicy":"https:\/\/coordimed.hu\/index.php\/kapcsolat\/","correctionsPolicy":"https:\/\/coordimed.hu\/index.php\/kapcsolat\/"}]}},"jetpack_sharing_enabled":true,"_links":{"self":[{"href":"https:\/\/coordimed.hu\/index.php\/wp-json\/wp\/v2\/pages\/1422","targetHints":{"allow":["GET"]}}],"collection":[{"href":"https:\/\/coordimed.hu\/index.php\/wp-json\/wp\/v2\/pages"}],"about":[{"href":"https:\/\/coordimed.hu\/index.php\/wp-json\/wp\/v2\/types\/page"}],"author":[{"embeddable":true,"href":"https:\/\/coordimed.hu\/index.php\/wp-json\/wp\/v2\/users\/1"}],"replies":[{"embeddable":true,"href":"https:\/\/coordimed.hu\/index.php\/wp-json\/wp\/v2\/comments?post=1422"}],"version-history":[{"count":0,"href":"https:\/\/coordimed.hu\/index.php\/wp-json\/wp\/v2\/pages\/1422\/revisions"}],"wp:attachment":[{"href":"https:\/\/coordimed.hu\/index.php\/wp-json\/wp\/v2\/media?parent=1422"}],"curies":[{"name":"wp","href":"https:\/\/api.w.org\/{rel}","templated":true}]}}